{"id":2209,"date":"2026-04-13T18:20:10","date_gmt":"2026-04-13T18:20:10","guid":{"rendered":"https:\/\/labella-babyboutique.nl\/?post_type=product&#038;p=2209"},"modified":"2026-04-13T18:26:23","modified_gmt":"2026-04-13T18:26:23","slug":"babynestje-rond-speelkleed-mini-ribstof-print-kopie","status":"publish","type":"product","link":"https:\/\/labella-babyboutique.nl\/index.php\/product\/babynestje-rond-speelkleed-mini-ribstof-print-kopie\/","title":{"rendered":"Babynestje Rond\/Speelkleed Mini Wafelstof"},"content":{"rendered":"<p><strong>Samenstelling en afmeting<br \/>\n<\/strong>Het koord is bedoeld om het babynestje zo groot en klein te maken als je wilt.<br \/>\nDe afmeting van het matras is: diameter ca. 75 cm, buitenkant speelkleed: Diameter ca. 125 cm<br \/>\nSamenstelling vulling: 100 % polyester<br \/>\nStof samenstelling Hydrofiel: 100% katoen<br \/>\nStof samenstelling Bamboe katoen: 90% katoen, 10% polyester<br \/>\nStof samenstelling Teddy: 80% katoen, 20% polyester<br \/>\nStof samenstelling Velours: 80% katoen, 20% polyester<\/p>\n<p><strong>Wasvoorschrift<br \/>\n<\/strong>Het babynestje is handgemaakt en kan op een fijne\/wol\/hand wasprogramma op 30 graden gewassen worden.<br \/>\nLaat het babynestje laag centrifugeren in de wasmachine en laat het nestje vervolgens open en plat drogen.<br \/>\nMaak het lint\/koord los zodat de rand open komt te staan.<br \/>\nKnoop de uiteindes van het koord\/lint aan elkaar zodat deze niet wegschiet in de was.<br \/>\nHet babynestje mag niet gestreken worden in verband met het smelten van de vulling bij hoge temperaturen.<br \/>\nIs het babynestje vies? Dan kun je deze afnemen met een licht vochtige doek.<\/p>\n<p><strong>\u00a0<\/strong><strong>Extra informatie en veiligheidsvoorschrift<br \/>\n<\/strong>Het babynestje is te gebruiken van 0 t\/m ongeveer 5 maanden.<br \/>\nHet is essentieel om het babynestje op een veilige manier te gebruiken.<br \/>\nOm rekening mee te houden: De kleur kan iets afwijken van de getoonde afbeelding door het beeldscherm.<br \/>\nDit product wordt persoonlijk handgemaakt, daardoor is retourneren niet mogelijk.<\/p>\n<p>Houd rekening met de volgende veiligheidsvoorschriften:<\/p>\n<p><strong>Het babynestje onder toezicht gebruiken<br \/>\n<\/strong>Gebruik het babynestje alleen wanneer je direct toezicht kunt houden op je baby.<br \/>\nDe zachte opstaande rand kan verstikkingsgevaar veroorzaken als je kleintje zich omdraait.<br \/>\nBlijf altijd in de buurt als je baby in het nestje ligt.<\/p>\n<p><strong>Beperk het gebruik van dutjes<br \/>\n<\/strong>Het babynestje is geschikt voor korte dutjes overdag.<br \/>\nGebruik het nestje echter niet in de nacht.<br \/>\nIn de nacht heeft u niet voldoende zicht op je baby.<\/p>\n<p><strong>Voorzichtig met het lint\/koord<br \/>\n<\/strong>Wees voorzichtig met het lint\/koord.<br \/>\nLeg je baby altijd met de voetjes in de richting van het lint\/koord.<\/p>\n<p><strong>Omrollen<br \/>\n<\/strong>Wanneer je baby kan omrollen adviseren wij het babynestje niet meer te gebruiken.<br \/>\nZodra je baby kan omrollen neemt het verstikkingsgevaar toe.<\/p>\n<p><strong>Vlakke ondergrond<br \/>\n<\/strong>Tot slot adviseren wij u altijd het babynestje op een vlakke ondergrond te gebruiken.<br \/>\nAls je het nestje op een vlakke ondergrond legt weet je zeker dat je baby niet kan vallen als je baby beweegt.<\/p>\n","protected":false},"excerpt":{"rendered":"<p data-start=\"351\" data-end=\"383\"><strong data-start=\"351\" data-end=\"383\">Babynestje Rond \/ Speelkleed<\/strong><\/p>\n<p data-start=\"385\" data-end=\"595\">Een rond babynestje is een echte musthave en bijna niet meer weg te denken uit de babywereld. Elk nestje wordt met zorg en liefde met de hand gemaakt en biedt jouw kleintje een veilig, zacht en geborgen plekje.<\/p>\n<p data-start=\"597\" data-end=\"865\">Dit babynestje is licht van gewicht en daardoor gemakkelijk te verplaatsen. Ideaal voor rustmomenten overdag, samen ontspannen of veilig spelen. Dankzij de opstaande rand voelt je baby zich beschermd en comfortabel, vergelijkbaar met de geborgenheid van de baarmoeder.<\/p>\n<p data-start=\"867\" data-end=\"1027\">Het ronde babynestje is <strong data-start=\"891\" data-end=\"905\">omkeerbaar<\/strong> en aan beide kanten te gebruiken. Zo wissel je eenvoudig van stof en uitstraling, passend bij jouw interieur of stemming.<\/p>\n<p data-start=\"1029\" data-end=\"1222\">Trek je de koorden aan, dan gebruik je het als een fijn babynestje. Maak je de koorden los, dan tover je het nestje eenvoudig om tot een <strong data-start=\"1166\" data-end=\"1191\">zacht rond speelkleed<\/strong>. Praktisch \u00e9n stijlvol in \u00e9\u00e9n.<\/p>\n<p data-start=\"1224\" data-end=\"1439\">Het nestje is extra goed gevuld en bevat een comfortabel matras van circa 4 cm dik, zodat je baby stevig en prettig ligt. De gebruikte materialen zijn zorgvuldig gekozen, ademend en zacht voor de gevoelige babyhuid.<\/p>\n<p data-start=\"1224\" data-end=\"1439\">Onze unieke ontwerpen en rustige kleuren passen prachtig in elke babykamer.<\/p>\n","protected":false},"featured_media":0,"comment_status":"open","ping_status":"closed","template":"","meta":[],"product_brand":[],"product_cat":[41],"product_tag":[],"class_list":{"0":"post-2209","1":"product","2":"type-product","3":"status-publish","5":"product_cat-babynestje-rond-speelkleed","7":"first","8":"instock","9":"shipping-taxable","10":"purchasable","11":"product-type-variable"},"_links":{"self":[{"href":"https:\/\/labella-babyboutique.nl\/index.php\/wp-json\/wp\/v2\/product\/2209","targetHints":{"allow":["GET"]}}],"collection":[{"href":"https:\/\/labella-babyboutique.nl\/index.php\/wp-json\/wp\/v2\/product"}],"about":[{"href":"https:\/\/labella-babyboutique.nl\/index.php\/wp-json\/wp\/v2\/types\/product"}],"replies":[{"embeddable":true,"href":"https:\/\/labella-babyboutique.nl\/index.php\/wp-json\/wp\/v2\/comments?post=2209"}],"wp:attachment":[{"href":"https:\/\/labella-babyboutique.nl\/index.php\/wp-json\/wp\/v2\/media?parent=2209"}],"wp:term":[{"taxonomy":"product_brand","embeddable":true,"href":"https:\/\/labella-babyboutique.nl\/index.php\/wp-json\/wp\/v2\/product_brand?post=2209"},{"taxonomy":"product_cat","embeddable":true,"href":"https:\/\/labella-babyboutique.nl\/index.php\/wp-json\/wp\/v2\/product_cat?post=2209"},{"taxonomy":"product_tag","embeddable":true,"href":"https:\/\/labella-babyboutique.nl\/index.php\/wp-json\/wp\/v2\/product_tag?post=2209"}],"curies":[{"name":"wp","href":"https:\/\/api.w.org\/{rel}","templated":true}]}}